{"id":3285,"date":"2020-03-27T13:04:18","date_gmt":"2020-03-27T12:04:18","guid":{"rendered":"https:\/\/archivi.dar.unibo.it\/?page_id=3285"},"modified":"2020-03-27T16:33:05","modified_gmt":"2020-03-27T15:33:05","slug":"istituzioni-di-storia-del-cinema","status":"publish","type":"page","link":"https:\/\/archivi.dar.unibo.it\/index.php\/archivi-video\/istituzioni-di-storia-del-cinema\/","title":{"rendered":"Istituzioni di Storia del Cinema"},"content":{"rendered":"<p><a href=\"https:\/\/www.youtube.com\/playlist?list=PLu40OEAbBeQmD81xkdgSe-lX3rnfsxtmd\" target=\"_blank\" rel=\"noopener noreferrer\"><strong>Antologia delle Avanguardie Storiche<\/strong><\/a> (playlist su Youtube)<\/p>\n<p><strong>Antologia del cinema delle origini<\/strong>:<\/p>\n<ol>\n<li><a href=\"https:\/\/archivi.dar.unibo.it\/files\/video2\/vari\/ANTOLOGIA DELLE ORIGINI\/Titolo 01.mp4?iframe=true&amp;width=640&amp;height=465\" rel=\"wp-video-lightbox[iframes1]\"><strong>Les hallucinations du Baron de Munchausen &#8211; 1911 \/ G. M\u00e9li\u00e8s<\/strong><\/a><\/li>\n<li><a href=\"https:\/\/archivi.dar.unibo.it\/files\/video2\/vari\/ANTOLOGIA DELLE ORIGINI\/Titolo 02.mp4?iframe=true&amp;width=640&amp;height=465\" rel=\"wp-video-lightbox[iframes1]\"><strong>\u00c0 la conqu\u00eate du p\u00f4le &#8211; 1912 \/ G. M\u00e9li\u00e8s<\/strong><\/a><\/li>\n<li><a href=\"https:\/\/archivi.dar.unibo.it\/files\/video2\/vari\/ANTOLOGIA DELLE ORIGINI\/Titolo 03.mp4?iframe=true&amp;width=640&amp;height=465\" rel=\"wp-video-lightbox[iframes1]\"><strong>Les apparition fugitives &#8211; 1904 \/ G. M\u00e9li\u00e8s<\/strong><\/a><\/li>\n<li><a href=\"https:\/\/archivi.dar.unibo.it\/files\/video2\/vari\/ANTOLOGIA DELLE ORIGINI\/Titolo 04.mp4?iframe=true&amp;width=640&amp;height=465\" rel=\"wp-video-lightbox[iframes1]\"><strong>Hydrotherapie fantastique &#8211; 1909 \/ G. M\u00e9li\u00e8s<\/strong><\/a><\/li>\n<li><a href=\"https:\/\/archivi.dar.unibo.it\/files\/video2\/vari\/ANTOLOGIA DELLE ORIGINI\/Titolo 05.mp4?iframe=true&amp;width=640&amp;height=465\" rel=\"wp-video-lightbox[iframes1]\"><strong>La vague<\/strong><\/a><\/li>\n<li><a href=\"https:\/\/archivi.dar.unibo.it\/files\/video2\/vari\/ANTOLOGIA DELLE ORIGINI\/Titolo 06.mp4?iframe=true&amp;width=640&amp;height=465\" rel=\"wp-video-lightbox[iframes1]\"><strong>Autour d&#8217;une cabine &#8211; 1895 \/ Emile Reynaud<\/strong><\/a><\/li>\n<li><a href=\"https:\/\/archivi.dar.unibo.it\/files\/video2\/vari\/ANTOLOGIA DELLE ORIGINI\/Titolo 07.mp4?iframe=true&amp;width=640&amp;height=465\" rel=\"wp-video-lightbox[iframes1]\"><strong>Experiment sound film &#8211; 1894 \/ Dickson<\/strong><\/a><\/li>\n<li><a href=\"https:\/\/archivi.dar.unibo.it\/files\/video2\/vari\/ANTOLOGIA DELLE ORIGINI\/Titolo 08.mp4?iframe=true&amp;width=640&amp;height=465\" rel=\"wp-video-lightbox[iframes1]\"><strong>Kiss \u2013 1896 \/ Edison<\/strong><\/a><\/li>\n<li><a href=\"https:\/\/archivi.dar.unibo.it\/files\/video2\/vari\/ANTOLOGIA DELLE ORIGINI\/Titolo 09.mp4?iframe=true&amp;width=640&amp;height=465\" rel=\"wp-video-lightbox[iframes1]\"><strong>Serpentine dances \u2013 1894 \/ Edison<\/strong><\/a><\/li>\n<li><a href=\"https:\/\/archivi.dar.unibo.it\/files\/video2\/vari\/ANTOLOGIA DELLE ORIGINI\/Titolo 10.mp4?iframe=true&amp;width=640&amp;height=465\" rel=\"wp-video-lightbox[iframes1]\"><strong>Sandow &#8211; 1894 \/ Thomas Edison<\/strong><\/a><\/li>\n<li><a href=\"https:\/\/archivi.dar.unibo.it\/files\/video2\/vari\/ANTOLOGIA DELLE ORIGINI\/Titolo 11.mp4?iframe=true&amp;width=640&amp;height=465\" rel=\"wp-video-lightbox[iframes1]\"><strong>Glenroy brothers \u2013 1894 \/ Thomas Edison<\/strong><\/a><\/li>\n<li><a href=\"https:\/\/archivi.dar.unibo.it\/files\/video2\/vari\/ANTOLOGIA DELLE ORIGINI\/Titolo 12.mp4?iframe=true&amp;width=640&amp;height=465\" rel=\"wp-video-lightbox[iframes1]\"><strong>Cockfight &#8211; 1894 \/ Thomas Edison<\/strong><\/a><\/li>\n<li><a href=\"https:\/\/archivi.dar.unibo.it\/files\/video2\/vari\/ANTOLOGIA DELLE ORIGINI\/Titolo 13.mp4?iframe=true&amp;width=640&amp;height=465\" rel=\"wp-video-lightbox[iframes1]\"><strong>Barber shop -1894 \/ Thomas Edison<\/strong><\/a><\/li>\n<li><a href=\"https:\/\/archivi.dar.unibo.it\/files\/video2\/vari\/ANTOLOGIA DELLE ORIGINI\/Titolo 14.mp4?iframe=true&amp;width=640&amp;height=465\" rel=\"wp-video-lightbox[iframes1]\"><strong>Feeding the doves &#8211; 1896 \/ James H. White<\/strong><\/a><\/li>\n<li><a href=\"https:\/\/archivi.dar.unibo.it\/files\/video2\/vari\/ANTOLOGIA DELLE ORIGINI\/Titolo 15.mp4?iframe=true&amp;width=640&amp;height=465\" rel=\"wp-video-lightbox[iframes1]\"><strong>Seminary girls &#8211; 1900 \/ William Heise<\/strong><\/a><\/li>\n<li><a href=\"https:\/\/archivi.dar.unibo.it\/files\/video2\/vari\/ANTOLOGIA DELLE ORIGINI\/Titolo 16.mp4?iframe=true&amp;width=640&amp;height=465\" rel=\"wp-video-lightbox[iframes1]\"><strong>Y a des phantomes dans la maison &#8211; 1914 \/ Path\u00e9<\/strong><\/a><\/li>\n<li><a href=\"https:\/\/archivi.dar.unibo.it\/files\/video2\/vari\/ANTOLOGIA DELLE ORIGINI\/Titolo 17.mp4?iframe=true&amp;width=640&amp;height=465\" rel=\"wp-video-lightbox[iframes1]\"><strong>Policemen&#8217;s little run &#8211; 1907 \/ Ferdinand Zecca<\/strong><\/a><\/li>\n<li><a href=\"https:\/\/archivi.dar.unibo.it\/files\/video2\/vari\/ANTOLOGIA DELLE ORIGINI\/Titolo 18.mp4?iframe=true&amp;width=640&amp;height=465\" rel=\"wp-video-lightbox[iframes1]\"><strong>Troubles of a grass widower -1908 \/ Max Linder<\/strong><\/a><\/li>\n<li><a href=\"https:\/\/archivi.dar.unibo.it\/files\/video2\/vari\/ANTOLOGIA DELLE ORIGINI\/Titolo 19.mp4?iframe=true&amp;width=640&amp;height=465\" rel=\"wp-video-lightbox[iframes1]\"><strong>Drame au fond de la mer &#8211; 1901 \/ Ferdinand Zecca<\/strong><\/a><\/li>\n<li><a href=\"https:\/\/archivi.dar.unibo.it\/files\/video2\/vari\/ANTOLOGIA DELLE ORIGINI\/Titolo 20.mp4?iframe=true&amp;width=640&amp;height=465\" rel=\"wp-video-lightbox[iframes1]\"><strong>Vue de mon balcon &#8211; 1901 \/ Ferdinand Zecca<\/strong><\/a><\/li>\n<li><a href=\"https:\/\/archivi.dar.unibo.it\/files\/video2\/vari\/ANTOLOGIA DELLE ORIGINI\/Titolo 21.mp4?iframe=true&amp;width=640&amp;height=465\" rel=\"wp-video-lightbox[iframes1]\"><strong>Rough sea at dover &#8211; 1895 \/ Robert W. Paul<\/strong><\/a><\/li>\n<li><a href=\"https:\/\/archivi.dar.unibo.it\/files\/video2\/vari\/ANTOLOGIA DELLE ORIGINI\/Titolo 22.mp4?iframe=true&amp;width=640&amp;height=465\" rel=\"wp-video-lightbox[iframes1]\"><strong>Come along do &#8211; 1898 \/ Robert W. Paul<\/strong><\/a><\/li>\n<li><a href=\"https:\/\/archivi.dar.unibo.it\/files\/video2\/vari\/ANTOLOGIA DELLE ORIGINI\/Titolo 23.mp4?iframe=true&amp;width=640&amp;height=465\" rel=\"wp-video-lightbox[iframes1]\"><strong>The derby &#8211; 1895 \/ Robert W. Paul<\/strong><\/a><\/li>\n<li><a href=\"https:\/\/archivi.dar.unibo.it\/files\/video2\/vari\/ANTOLOGIA DELLE ORIGINI\/Titolo 24.mp4?iframe=true&amp;width=640&amp;height=465\" rel=\"wp-video-lightbox[iframes1]\"><strong>Countryman and the cinematograph &#8211; 1901 \/ Robert W. Paul<\/strong><\/a><\/li>\n<li><a href=\"https:\/\/archivi.dar.unibo.it\/files\/video2\/vari\/ANTOLOGIA DELLE ORIGINI\/Titolo 25.mp4?iframe=true&amp;width=640&amp;height=465\" rel=\"wp-video-lightbox[iframes1]\"><strong>Chess dispute &#8211; 1903 \/ Robert W. Paul<\/strong><\/a><\/li>\n<li><a href=\"https:\/\/archivi.dar.unibo.it\/files\/video2\/vari\/ANTOLOGIA DELLE ORIGINI\/Titolo 26.mp4?iframe=true&amp;width=640&amp;height=465\" rel=\"wp-video-lightbox[iframes1]\"><strong>Extraordinary cab accident &#8211; 1903 \/ Robert W. Paul<\/strong><\/a><\/li>\n<li><a href=\"https:\/\/archivi.dar.unibo.it\/files\/video2\/vari\/ANTOLOGIA DELLE ORIGINI\/Titolo 27.mp4?iframe=true&amp;width=640&amp;height=465\" rel=\"wp-video-lightbox[iframes1]\"><strong>Buy your own cherries &#8211; 1904 \/ Robert W. Paul<\/strong><\/a><\/li>\n<li><a href=\"https:\/\/archivi.dar.unibo.it\/files\/video2\/vari\/ANTOLOGIA DELLE ORIGINI\/Titolo 28.mp4?iframe=true&amp;width=640&amp;height=465\" rel=\"wp-video-lightbox[iframes1]\"><strong>The motorist \u2013 1906 \/ Walter R. Booth<\/strong><\/a><\/li>\n<li><a href=\"https:\/\/archivi.dar.unibo.it\/files\/video2\/vari\/ANTOLOGIA DELLE ORIGINI\/Titolo 29.mp4?iframe=true&amp;width=640&amp;height=465\" rel=\"wp-video-lightbox[iframes1]\"><strong>The miller and the sweep \u2013 1897 \/ George Albert Smith<\/strong><\/a><\/li>\n<li><a href=\"https:\/\/archivi.dar.unibo.it\/files\/video2\/vari\/ANTOLOGIA DELLE ORIGINI\/Titolo 30.mp4?iframe=true&amp;width=640&amp;height=465\" rel=\"wp-video-lightbox[iframes1]\"><strong>A kiss in the tunnel \u2013 1899 \/ George Albert Smith<\/strong><\/a><\/li>\n<li><a href=\"https:\/\/archivi.dar.unibo.it\/files\/video2\/vari\/ANTOLOGIA DELLE ORIGINI\/Titolo 31.mp4?iframe=true&amp;width=640&amp;height=465\" rel=\"wp-video-lightbox[iframes1]\"><strong>Let me dream again \u2013 1900 \/ George Albert Smith<\/strong><\/a><\/li>\n<li><a href=\"https:\/\/archivi.dar.unibo.it\/files\/video2\/vari\/ANTOLOGIA DELLE ORIGINI\/Titolo 32.mp4?iframe=true&amp;width=640&amp;height=465\" rel=\"wp-video-lightbox[iframes1]\"><strong>Grandma&#8217;s reading glass &#8211; 1900 \/ George Albert Smith<\/strong><\/a><\/li>\n<li><a href=\"https:\/\/archivi.dar.unibo.it\/files\/video2\/vari\/ANTOLOGIA DELLE ORIGINI\/Titolo 33.mp4?iframe=true&amp;width=640&amp;height=465\" rel=\"wp-video-lightbox[iframes1]\"><strong>As seen through a telescope &#8211; 1900 \/ George Albert Smith<\/strong><\/a><\/li>\n<li><a href=\"https:\/\/archivi.dar.unibo.it\/files\/video2\/vari\/ANTOLOGIA DELLE ORIGINI\/Titolo 34.mp4?iframe=true&amp;width=640&amp;height=465\" rel=\"wp-video-lightbox[iframes1]\"><strong>Sick kitten &#8211; 1903 \/ George Albert Smith<\/strong><\/a><\/li>\n<li><a href=\"https:\/\/archivi.dar.unibo.it\/files\/video2\/vari\/ANTOLOGIA DELLE ORIGINI\/Titolo 35.mp4?iframe=true&amp;width=640&amp;height=465\" rel=\"wp-video-lightbox[iframes1]\"><strong>Mary Jane&#8217;s mishap &#8211; 1903 \/ George Albert Smith<\/strong><\/a><\/li>\n<li><a href=\"https:\/\/archivi.dar.unibo.it\/files\/video2\/vari\/ANTOLOGIA DELLE ORIGINI\/Titolo 36.mp4?iframe=true&amp;width=640&amp;height=465\" rel=\"wp-video-lightbox[iframes1]\"><strong>Desperate poaching affray &#8211; 1903 \/ william haggar<\/strong><\/a><\/li>\n<li><a href=\"https:\/\/archivi.dar.unibo.it\/files\/video2\/vari\/ANTOLOGIA DELLE ORIGINI\/Titolo 37.mp4?iframe=true&amp;width=640&amp;height=465\" rel=\"wp-video-lightbox[iframes1]\"><strong>Ladies skirts nailed &#8211; 1899 \/ James Bamforth<\/strong><\/a><\/li>\n<li><a href=\"https:\/\/archivi.dar.unibo.it\/files\/video2\/vari\/ANTOLOGIA DELLE ORIGINI\/Titolo 38.mp4?iframe=true&amp;width=640&amp;height=465\" rel=\"wp-video-lightbox[iframes1]\"><strong>The biter bit &#8211; 1899 \/ James Bamforth<\/strong><\/a><\/li>\n<li><a href=\"https:\/\/archivi.dar.unibo.it\/files\/video2\/vari\/ANTOLOGIA DELLE ORIGINI\/Titolo 39.mp4?iframe=true&amp;width=640&amp;height=465\" rel=\"wp-video-lightbox[iframes1]\"><strong>Attack on a China mission &#8211; 1900 \/ James Williamson<\/strong><\/a><\/li>\n<li><a href=\"https:\/\/archivi.dar.unibo.it\/files\/video2\/vari\/ANTOLOGIA DELLE ORIGINI\/Titolo 40.mp4?iframe=true&amp;width=640&amp;height=465\" rel=\"wp-video-lightbox[iframes1]\"><strong>Big swallow &#8211; 1901 \/ James Williamson<\/strong><\/a><\/li>\n<li><a href=\"https:\/\/archivi.dar.unibo.it\/files\/video2\/vari\/ANTOLOGIA DELLE ORIGINI\/Titolo 41.mp4?iframe=true&amp;width=640&amp;height=465\" rel=\"wp-video-lightbox[iframes1]\"><strong>Stop thief &#8211; 1901 \/ James Williamson<\/strong><\/a><\/li>\n<li><a href=\"https:\/\/archivi.dar.unibo.it\/files\/video2\/vari\/ANTOLOGIA DELLE ORIGINI\/Titolo 42.mp4?iframe=true&amp;width=640&amp;height=465\" rel=\"wp-video-lightbox[iframes1]\"><strong>Fire &#8211; 1901 \/ James Williamson<\/strong><\/a><\/li>\n<li><a href=\"https:\/\/archivi.dar.unibo.it\/files\/video2\/vari\/ANTOLOGIA DELLE ORIGINI\/Titolo 43.mp4?iframe=true&amp;width=640&amp;height=465\" rel=\"wp-video-lightbox[iframes1]\"><strong>An interesting story &#8211; 1904 \/ James Williamson<\/strong><\/a><\/li>\n<li><a href=\"https:\/\/archivi.dar.unibo.it\/files\/video2\/vari\/ANTOLOGIA DELLE ORIGINI\/Titolo 44.mp4?iframe=true&amp;width=640&amp;height=465\" rel=\"wp-video-lightbox[iframes1]\"><strong>How it feels to be run over \u2013 1900 \/ Cecil M. Hepworth<\/strong><\/a><\/li>\n<li><a href=\"https:\/\/archivi.dar.unibo.it\/files\/video2\/vari\/ANTOLOGIA DELLE ORIGINI\/Titolo 45.mp4?iframe=true&amp;width=640&amp;height=465\" rel=\"wp-video-lightbox[iframes1]\"><strong>Explosion of motor car &#8211; 1901 \/ Cecil M. Hepworth<\/strong><\/a><\/li>\n<li><a href=\"https:\/\/archivi.dar.unibo.it\/files\/video2\/vari\/ANTOLOGIA DELLE ORIGINI\/Titolo 46.mp4?iframe=true&amp;width=640&amp;height=465\" rel=\"wp-video-lightbox[iframes1]\"><strong>Rescued by rover &#8211; 1905 \/ Cecil M. Hepworth<\/strong><\/a><\/li>\n<li><a href=\"https:\/\/archivi.dar.unibo.it\/files\/video2\/vari\/ANTOLOGIA DELLE ORIGINI\/Titolo 47.mp4?iframe=true&amp;width=640&amp;height=465\" rel=\"wp-video-lightbox[iframes1]\"><strong>The other side of hedge &#8211; 1905 \/ Lewin Fitzhamon<\/strong><\/a><\/li>\n<li><a href=\"https:\/\/archivi.dar.unibo.it\/files\/video2\/vari\/ANTOLOGIA DELLE ORIGINI\/Titolo 48.mp4?iframe=true&amp;width=640&amp;height=465\" rel=\"wp-video-lightbox[iframes1]\"><strong>Fatal sneeze &#8211; 1907 \/ Lewin Fitzhamon<\/strong><\/a><\/li>\n<li><a href=\"https:\/\/archivi.dar.unibo.it\/files\/video2\/vari\/ANTOLOGIA DELLE ORIGINI\/Titolo 49.mp4?iframe=true&amp;width=640&amp;height=465\" rel=\"wp-video-lightbox[iframes1]\"><strong>Histoire d&#8217;un crime &#8211; 1901 \/ Ferdinand Zecca<\/strong><\/a><\/li>\n<li><a href=\"https:\/\/archivi.dar.unibo.it\/files\/video2\/vari\/ANTOLOGIA DELLE ORIGINI\/Titolo 50.mp4?iframe=true&amp;width=640&amp;height=465\" rel=\"wp-video-lightbox[iframes1]\"><strong>Ali Baba &#8230; &#8211; 1902 \/ Ferdinand Zecca<\/strong><\/a><\/li>\n<li><a href=\"https:\/\/archivi.dar.unibo.it\/files\/video2\/vari\/ANTOLOGIA DELLE ORIGINI\/Titolo 51.mp4?iframe=true&amp;width=640&amp;height=465\" rel=\"wp-video-lightbox[iframes1]\"><strong>R\u00eave et r\u00e9alit\u00e9 &#8211; 1901 \/ Ferdinand Zecca<\/strong><\/a><\/li>\n<li><a href=\"https:\/\/archivi.dar.unibo.it\/files\/video2\/vari\/ANTOLOGIA DELLE ORIGINI\/Titolo 52.mp4?iframe=true&amp;width=640&amp;height=465\" rel=\"wp-video-lightbox[iframes1]\"><strong>Aladin ou la lampe merveilleuse \u2013 1906 \/ Alberto Capellani<\/strong><\/a><\/li>\n<li><a href=\"https:\/\/archivi.dar.unibo.it\/files\/video2\/vari\/ANTOLOGIA DELLE ORIGINI\/Titolo 53.mp4?iframe=true&amp;width=640&amp;height=465\" rel=\"wp-video-lightbox[iframes1]\"><strong>Le cheval emballe &#8211; 1908 \/ Louis J. Gasnier<\/strong><\/a><\/li>\n<li><a href=\"https:\/\/archivi.dar.unibo.it\/files\/video2\/vari\/ANTOLOGIA DELLE ORIGINI\/Titolo 54.mp4?iframe=true&amp;width=640&amp;height=465\" rel=\"wp-video-lightbox[iframes1]\"><strong>La r\u00e9volution en Russie \u2013 1905 \/ Lucien Nonguet<\/strong><\/a><\/li>\n<li><a href=\"https:\/\/archivi.dar.unibo.it\/files\/video2\/vari\/ANTOLOGIA DELLE ORIGINI\/Titolo 55.mp4?iframe=true&amp;width=640&amp;height=465\" rel=\"wp-video-lightbox[iframes1]\"><strong>Magic bricks &#8211; 1908 \/ Segundo de Chomon<\/strong><\/a><\/li>\n<li><a href=\"https:\/\/archivi.dar.unibo.it\/files\/video2\/vari\/ANTOLOGIA DELLE ORIGINI\/Titolo 56.mp4?iframe=true&amp;width=640&amp;height=465\" rel=\"wp-video-lightbox[iframes1]\"><strong>Bob s electric theatre &#8211; 1906 \/ Segundo de Chomon<\/strong><\/a><\/li>\n<li><a href=\"https:\/\/archivi.dar.unibo.it\/files\/video2\/vari\/ANTOLOGIA DELLE ORIGINI\/Titolo 57.mp4?iframe=true&amp;width=640&amp;height=465\" rel=\"wp-video-lightbox[iframes1]\"><strong>La bo\u00eete \u00e0 cigares &#8211; 1907 \/ Segundo de Chomon<\/strong><\/a><\/li>\n<li><a href=\"https:\/\/archivi.dar.unibo.it\/files\/video2\/vari\/ANTOLOGIA DELLE ORIGINI\/Titolo 58.mp4?iframe=true&amp;width=640&amp;height=465\" rel=\"wp-video-lightbox[iframes1]\"><strong>L&#8217;\u00e9crin du rajah &#8211; 1906 \/ Segundo de Chomon<\/strong><\/a><\/li>\n<li><a href=\"https:\/\/archivi.dar.unibo.it\/files\/video2\/vari\/ANTOLOGIA DELLE ORIGINI\/Titolo 59.mp4?iframe=true&amp;width=640&amp;height=465\" rel=\"wp-video-lightbox[iframes1]\"><strong>P\u00eacheur de perles &#8211; 1904 \/ Ferdinand Zecca<\/strong><\/a><\/li>\n<\/ol>\n","protected":false},"excerpt":{"rendered":"<p>Antologia delle Avanguardie Storiche (playlist su Youtube) Antologia del cinema delle origini: Les hallucinations du Baron de Munchausen &#8211; 1911 \/ G. M\u00e9li\u00e8s \u00c0 la conqu\u00eate du p\u00f4le &#8211; 1912 \/ G. M\u00e9li\u00e8s Les apparition fugitives &#8211; 1904 \/ G. M\u00e9li\u00e8s Hydrotherapie fantastique &#8211; 1909 \/ G. M\u00e9li\u00e8s La vague\u2026 <a class=\"continue-reading-link\" href=\"https:\/\/archivi.dar.unibo.it\/index.php\/archivi-video\/istituzioni-di-storia-del-cinema\/\">Continua &#8230;<\/a><\/p>\n","protected":false},"author":1,"featured_media":0,"parent":31,"menu_order":0,"comment_status":"closed","ping_status":"closed","template":"","meta":[],"_links":{"self":[{"href":"https:\/\/archivi.dar.unibo.it\/index.php\/wp-json\/wp\/v2\/pages\/3285"}],"collection":[{"href":"https:\/\/archivi.dar.unibo.it\/index.php\/wp-json\/wp\/v2\/pages"}],"about":[{"href":"https:\/\/archivi.dar.unibo.it\/index.php\/wp-json\/wp\/v2\/types\/page"}],"author":[{"embeddable":true,"href":"https:\/\/archivi.dar.unibo.it\/index.php\/wp-json\/wp\/v2\/users\/1"}],"replies":[{"embeddable":true,"href":"https:\/\/archivi.dar.unibo.it\/index.php\/wp-json\/wp\/v2\/comments?post=3285"}],"version-history":[{"count":0,"href":"https:\/\/archivi.dar.unibo.it\/index.php\/wp-json\/wp\/v2\/pages\/3285\/revisions"}],"up":[{"embeddable":true,"href":"https:\/\/archivi.dar.unibo.it\/index.php\/wp-json\/wp\/v2\/pages\/31"}],"wp:attachment":[{"href":"https:\/\/archivi.dar.unibo.it\/index.php\/wp-json\/wp\/v2\/media?parent=3285"}],"curies":[{"name":"wp","href":"https:\/\/api.w.org\/{rel}","templated":true}]}}