{"id":3008,"date":"2018-07-11T18:24:11","date_gmt":"2018-07-11T16:24:11","guid":{"rendered":"https:\/\/archivi.dar.unibo.it\/?page_id=3008"},"modified":"2018-07-30T10:25:51","modified_gmt":"2018-07-30T08:25:51","slug":"celebrities","status":"publish","type":"page","link":"https:\/\/archivi.dar.unibo.it\/index.php\/archivi-video\/conferenze\/celebrities\/","title":{"rendered":"Celebrities"},"content":{"rendered":"<p><strong>CELEBRITIES<\/strong><br \/>\nConvegno di studi &#8211; Bologna, 18 novembre 2015<\/p>\n<div style=\"width: 640px;\" class=\"wp-video\"><!--[if lt IE 9]><script>document.createElement('video');<\/script><![endif]-->\n<video class=\"wp-video-shortcode\" id=\"video-3008-1\" width=\"640\" height=\"360\" poster=\"\/files\/images\/20151118_celebrities.jpg\" preload=\"metadata\" controls=\"controls\"><source type=\"video\/mp4\" src=\"\/files\/video2\/convegni\/20151118%20Celebrities.mp4?_=1\" \/><a href=\"\/files\/video2\/convegni\/20151118%20Celebrities.mp4\">\/files\/video2\/convegni\/20151118%20Celebrities.mp4<\/a><\/video><\/div>\n<p>&nbsp;<\/p>\n<div id=\"pane1\" class=\"scroll-pane\" style=\"width: 980px; margin: auto; height: 240px; overflow-y: scroll;\">\n<div id=\"pane1\" class=\"scroll-pane\">\n<ul>\n<li class=\"scroll-pane\"><strong>Sara Pesce, Antonella Mascio, Roy Menarini<\/strong>: <em>Introduzione<\/em><\/li>\n<li class=\"scroll-pane\"><strong>Paola Brembilla<\/strong> (Universit\u00e0 di Bologna): <em>Suit Up. The Use of RTW Power Suits in TV Series&#8221;<\/em><\/li>\n<li class=\"scroll-pane\"><strong>Marta Martina<\/strong> (Universit\u00e0 IULM): <em>Anticelebrity. The Role of Celebrities in Fashion Production<\/em><\/li>\n<li class=\"scroll-pane\"><strong>Silvia Vacirca<\/strong> (Richmond University): <em>Famous For Not Being Famous: C\u00e9line, Internet Anonymity and the Road to Romanticism&#8221;<\/em><\/li>\n<li class=\"scroll-pane\"><strong>Pamela Church Gibson<\/strong> (London College of Fashion, University of the Arts): <em>Celebrity and Change, in Film and Fashion<\/em><\/li>\n<li class=\"scroll-pane\"><strong>Roselina Salemi<\/strong> (giornalista): <em>Celebrit\u00e0 liquida: essere famosi perch\u00e9 si \u00e8 famosi. Dal caso della famiglia Kardashian al fenomeno delle it-girl<\/em><\/li>\n<li class=\"scroll-pane\"><strong>Cristina Jandelli<\/strong> (Universit\u00e0 di Firenze): <em>Nicole Kidman e Meryl Streep attraverso i servizi fotografici di Annie Leibovitz<\/em><\/li>\n<li class=\"scroll-pane\"><strong>Andrea Minuz<\/strong> (Universit\u00e0 di Roma La Sapienza): <em>High Culture &#038; Celebrities. Il caso Leopardi e le strategie di marketing de\u00a0&#8220;Il giovane favoloso&#8221;<\/em><\/li>\n<li class=\"scroll-pane\"><strong>Presentazione<\/strong> (Giacomo Manzoli e Roy Menarini): <em>Presentazione del numero 581 di &#8220;Bianco e Nero&#8221; e del monografico\u00a0Stardom &#8211; Nel paese degli antidivi<\/em><\/li>\n<li class=\"scroll-pane\"><strong>Mariagrazia Fanchi e Maria Luisa Bionda<\/strong> (Universit\u00e0 Cattolica del Sacro Cuore): <em>Il fal\u00f2 delle vanit\u00e0. Social Media e Old Celebrities<\/em><\/li>\n<li class=\"scroll-pane\"><strong>Romana And\u00f2<\/strong> (Universit\u00e0 di Roma La Sapienza): <em>The Ordinary Celebrity.\u00a0Italian Young Vloggers and the Definition of Girlhood<\/em><\/li>\n<li class=\"scroll-pane\"><strong>Federico Boni<\/strong> (Universit\u00e0 di Milano): <em>Pop Culture, Celebrities, Media<\/em><\/li>\n<\/ul>\n<\/div>\n<div class=\"scroll-pane\"><\/div>\n<\/div>\n","protected":false},"excerpt":{"rendered":"<p>CELEBRITIES Convegno di studi &#8211; Bologna, 18 novembre 2015 &nbsp; : Introduzione (Universit\u00e0 di Bologna): Suit Up. The Use of RTW Power Suits in TV Series&#8221; (Universit\u00e0 IULM): Anticelebrity. The Role of Celebrities in Fashion Production (Richmond University): Famous For Not Being Famous: C\u00e9line, Internet Anonymity and the Road to\u2026 <a class=\"continue-reading-link\" href=\"https:\/\/archivi.dar.unibo.it\/index.php\/archivi-video\/conferenze\/celebrities\/\">Continua &#8230;<\/a><\/p>\n","protected":false},"author":1,"featured_media":0,"parent":103,"menu_order":4,"comment_status":"closed","ping_status":"closed","template":"","meta":[],"_links":{"self":[{"href":"https:\/\/archivi.dar.unibo.it\/index.php\/wp-json\/wp\/v2\/pages\/3008"}],"collection":[{"href":"https:\/\/archivi.dar.unibo.it\/index.php\/wp-json\/wp\/v2\/pages"}],"about":[{"href":"https:\/\/archivi.dar.unibo.it\/index.php\/wp-json\/wp\/v2\/types\/page"}],"author":[{"embeddable":true,"href":"https:\/\/archivi.dar.unibo.it\/index.php\/wp-json\/wp\/v2\/users\/1"}],"replies":[{"embeddable":true,"href":"https:\/\/archivi.dar.unibo.it\/index.php\/wp-json\/wp\/v2\/comments?post=3008"}],"version-history":[{"count":0,"href":"https:\/\/archivi.dar.unibo.it\/index.php\/wp-json\/wp\/v2\/pages\/3008\/revisions"}],"up":[{"embeddable":true,"href":"https:\/\/archivi.dar.unibo.it\/index.php\/wp-json\/wp\/v2\/pages\/103"}],"wp:attachment":[{"href":"https:\/\/archivi.dar.unibo.it\/index.php\/wp-json\/wp\/v2\/media?parent=3008"}],"curies":[{"name":"wp","href":"https:\/\/api.w.org\/{rel}","templated":true}]}}