{"id":1373,"date":"2014-02-21T17:43:50","date_gmt":"2014-02-21T16:43:50","guid":{"rendered":"http:\/\/archivi.dar.unibo.it\/?page_id=1373"},"modified":"2018-07-30T11:33:07","modified_gmt":"2018-07-30T09:33:07","slug":"critica-2-0","status":"publish","type":"page","link":"https:\/\/archivi.dar.unibo.it\/index.php\/archivi-video\/conferenze\/critica-2-0\/","title":{"rendered":"Critica 2.0"},"content":{"rendered":"<p><strong>Industria culturale, consumi, forme di influenza<\/strong><br \/>\nConvegno di studi a cura di <strong>Claudio Bisoni<\/strong> e <strong>Roy Menarini<\/strong> &#8211; Bologna 18-19 febbraio 2014<\/p>\n<div style=\"width: 640px;\" class=\"wp-video\"><!--[if lt IE 9]><script>document.createElement('video');<\/script><![endif]-->\n<video class=\"wp-video-shortcode\" id=\"video-1373-1\" width=\"640\" height=\"360\" poster=\"\/files\/images\/20140218_critica2.jpg\" preload=\"metadata\" controls=\"controls\"><source type=\"video\/mp4\" src=\"\/files\/video2\/convegni\/20140218%20Critica%202.0.mp4?_=1\" \/><a href=\"\/files\/video2\/convegni\/20140218%20Critica%202.0.mp4\">\/files\/video2\/convegni\/20140218%20Critica%202.0.mp4<\/a><\/video><\/div>\n<p>&nbsp;<\/p>\n<div id=\"pane1\" class=\"scroll-pane\" style=\"width: 980px; margin: auto; height: 240px; overflow-y: scroll;\">\n<div id=\"pane1\" class=\"scroll-pane\">\n<ul>\n<li class=\"scroll-pane\"><b>Saluti delle Autorit\u00e0 Accademiche<\/b><\/li>\n<li class=\"scroll-pane\"><strong>Claudio Bisoni<\/strong> (Universit\u00e0 di Bologna) e <strong>Roy Menarini<\/strong> (Universit\u00e0 di Bologna): <em>Introduzione ai lavori<\/em><\/li>\n<li class=\"scroll-pane\"><strong>Tavola rotonda<\/strong>: <em>La critica nel presente, tra mercato e istituzioni culturali<\/em><\/li>\n<li class=\"scroll-pane\"><strong>Ellen Nerenberg<\/strong> (Wesleyan University): <em>Circo mediatico giudiziario: funzione &#8220;viralita&#8217; web&#8221; e opinione pubblica nei primi gradi del caso Knox<\/em><\/li>\n<li class=\"scroll-pane\"><strong>Marijke De Valck<\/strong> (University of Amsterdam): <em>Long Live Cinema!<\/em><\/li>\n<li class=\"scroll-pane\"><strong>Cecilia Sayad<\/strong> (University of Kent): <em>Do Critics Need Authors?<\/em><\/li>\n<li class=\"scroll-pane\"><strong>Gianni Canova<\/strong> (Libera Universit\u00e0 di Lingue e Comunicazione IULM): <em>Il tab\u00f9 del successo commerciale: la critica italiana e il dilemma della qualit\u00e0<\/em><\/li>\n<li class=\"scroll-pane\"><strong>Valerio Caprara<\/strong> (Universit\u00e0 di Napoli &#8220;L\u2019Orientale&#8221;): <em>Confessioni di un critico pericoloso<\/em><\/li>\n<li class=\"scroll-pane\"><strong>Giacomo Manzoli<\/strong> (Universit\u00e0 di Bologna): <em>Gli effetti corrosivi del conflitto di interessi della critica sul sistema industriale del cinema italiano<\/em><\/li>\n<li class=\"scroll-pane\"><strong>Alberto Pezzotta<\/strong> (Corriere della Sera): <em>La retorica del cinema italiano nella critica online<\/em><\/li>\n<li class=\"scroll-pane\"><strong>Emiliano Morreale<\/strong> (Universit\u00e0 di Torino): <em>Sui rischi e la necessit\u00e0 dello scrivere di cinema<\/em><\/li>\n<li class=\"scroll-pane\"><strong>Guido Vitiello<\/strong> (Universit\u00e0 La Sapienza, Roma): <em>Berlinguer \u00e8 un nostalgia movie<\/em><\/li>\n<li class=\"scroll-pane\"><strong>Paolo Noto<\/strong> (Universit\u00e0 di Bologna): <em>&#8220;Non \u00e8 Amleto: \u00e8 un film sui robot&#8221;: YouTube, le videorecensioni e il cinema di genere<\/em><\/li>\n<li class=\"scroll-pane\"><strong>Maria Cristina Russo<\/strong>: <em>Tradizioni 2.0: i blog di cinema nell\u2019era dei social media<\/em><\/li>\n<li class=\"scroll-pane\"><strong>Giovanna Maina<\/strong> (University of Sunderland): <em>Take a Look on the Wild Side. La critica del porno (contemporaneo)<\/em><\/li>\n<li class=\"scroll-pane\"><strong>Alice Cucchetti<\/strong> (Film Tv): <em>Da Buffy a Don Draper, da fan a critici: il caso &#8220;Serialmente&#8221; e la critica tv nata sul web<\/em><\/li>\n<li class=\"scroll-pane\"><strong>Federico Bernocchi<\/strong> ( I 400Calci ): <em>I 400Calci. Ovvero: come ho imparato a non preoccuparmi di Curzio Maltese e ad amare Jean-Claude Van Damme<\/em><\/li>\n<\/ul>\n<\/div>\n<div class=\"scroll-pane\"><\/div>\n<\/div>\n","protected":false},"excerpt":{"rendered":"<p>Industria culturale, consumi, forme di influenza Convegno di studi a cura di Claudio Bisoni e Roy Menarini &#8211; Bologna 18-19 febbraio 2014 &nbsp; (Universit\u00e0 di Bologna) e Roy Menarini (Universit\u00e0 di Bologna): Introduzione ai lavori : La critica nel presente, tra mercato e istituzioni culturali (Wesleyan University): Circo mediatico giudiziario:\u2026 <a class=\"continue-reading-link\" href=\"https:\/\/archivi.dar.unibo.it\/index.php\/archivi-video\/conferenze\/critica-2-0\/\">Continua &#8230;<\/a><\/p>\n","protected":false},"author":1,"featured_media":0,"parent":103,"menu_order":13,"comment_status":"closed","ping_status":"closed","template":"","meta":[],"_links":{"self":[{"href":"https:\/\/archivi.dar.unibo.it\/index.php\/wp-json\/wp\/v2\/pages\/1373"}],"collection":[{"href":"https:\/\/archivi.dar.unibo.it\/index.php\/wp-json\/wp\/v2\/pages"}],"about":[{"href":"https:\/\/archivi.dar.unibo.it\/index.php\/wp-json\/wp\/v2\/types\/page"}],"author":[{"embeddable":true,"href":"https:\/\/archivi.dar.unibo.it\/index.php\/wp-json\/wp\/v2\/users\/1"}],"replies":[{"embeddable":true,"href":"https:\/\/archivi.dar.unibo.it\/index.php\/wp-json\/wp\/v2\/comments?post=1373"}],"version-history":[{"count":0,"href":"https:\/\/archivi.dar.unibo.it\/index.php\/wp-json\/wp\/v2\/pages\/1373\/revisions"}],"up":[{"embeddable":true,"href":"https:\/\/archivi.dar.unibo.it\/index.php\/wp-json\/wp\/v2\/pages\/103"}],"wp:attachment":[{"href":"https:\/\/archivi.dar.unibo.it\/index.php\/wp-json\/wp\/v2\/media?parent=1373"}],"curies":[{"name":"wp","href":"https:\/\/api.w.org\/{rel}","templated":true}]}}